{"id":3573,"date":"2023-02-20T20:55:30","date_gmt":"2023-02-20T20:55:30","guid":{"rendered":"https:\/\/salonlfclaval.com\/?page_id=3573"},"modified":"2023-02-23T20:11:02","modified_gmt":"2023-02-23T20:11:02","slug":"condoleances","status":"publish","type":"page","link":"https:\/\/salonlfcrivenord.com\/en\/condoleances\/","title":{"rendered":"Condolences"},"content":{"rendered":"\t\t<div data-elementor-type=\"wp-page\" data-elementor-id=\"3573\" class=\"elementor elementor-3573\" data-elementor-post-type=\"page\">\n\t\t\t\t\t\t<section class=\"elementor-section elementor-top-section elementor-element elementor-element-45a9748 elementor-section-height-min-height elementor-section-boxed elementor-section-height-default elementor-section-items-middle\" data-id=\"45a9748\" data-element_type=\"section\" data-settings=\"{&quot;background_background&quot;:&quot;classic&quot;}\">\n\t\t\t\t\t\t\t<div class=\"elementor-background-overlay\"><\/div>\n\t\t\t\t\t\t\t<div class=\"elementor-container elementor-column-gap-default\">\n\t\t\t\t\t<div class=\"elementor-column elementor-col-100 elementor-top-column elementor-element elementor-element-0a14c00\" data-id=\"0a14c00\" data-element_type=\"column\">\n\t\t\t<div class=\"elementor-widget-wrap elementor-element-populated\">\n\t\t\t\t\t\t<div class=\"elementor-element elementor-element-552ad0e elementor-widget elementor-widget-heading\" data-id=\"552ad0e\" data-element_type=\"widget\" data-widget_type=\"heading.default\">\n\t\t\t\t<div class=\"elementor-widget-container\">\n\t\t\t\t\t<h1 class=\"elementor-heading-title elementor-size-default\">Condol\u00e9ances<\/h1>\t\t\t\t<\/div>\n\t\t\t\t<\/div>\n\t\t\t\t\t<\/div>\n\t\t<\/div>\n\t\t\t\t\t<\/div>\n\t\t<\/section>\n\t\t\t\t<section class=\"elementor-section elementor-top-section elementor-element elementor-element-bbe73fb elementor-section-boxed elementor-section-height-default elementor-section-height-default\" data-id=\"bbe73fb\" data-element_type=\"section\">\n\t\t\t\t\t\t<div class=\"elementor-container elementor-column-gap-default\">\n\t\t\t\t\t<div class=\"elementor-column elementor-col-100 elementor-top-column elementor-element elementor-element-7c99148\" data-id=\"7c99148\" data-element_type=\"column\">\n\t\t\t<div class=\"elementor-widget-wrap elementor-element-populated\">\n\t\t\t\t\t\t<div class=\"elementor-element elementor-element-b0ed131 elementor-widget elementor-widget-heading\" data-id=\"b0ed131\" data-element_type=\"widget\" data-widget_type=\"heading.default\">\n\t\t\t\t<div class=\"elementor-widget-container\">\n\t\t\t\t\t<h2 class=\"elementor-heading-title elementor-size-default\">Condol\u00e9ances<\/h2>\t\t\t\t<\/div>\n\t\t\t\t<\/div>\n\t\t\t\t\t<\/div>\n\t\t<\/div>\n\t\t\t\t\t<\/div>\n\t\t<\/section>\n\t\t\t\t<section class=\"elementor-section elementor-top-section elementor-element elementor-element-9a1ba9e elementor-section-boxed elementor-section-height-default elementor-section-height-default\" data-id=\"9a1ba9e\" data-element_type=\"section\" data-settings=\"{&quot;background_background&quot;:&quot;classic&quot;}\">\n\t\t\t\t\t\t\t<div class=\"elementor-background-overlay\"><\/div>\n\t\t\t\t\t\t\t<div class=\"elementor-container elementor-column-gap-default\">\n\t\t\t\t\t<div class=\"elementor-column elementor-col-50 elementor-top-column elementor-element elementor-element-d9d386f\" data-id=\"d9d386f\" data-element_type=\"column\">\n\t\t\t<div class=\"elementor-widget-wrap elementor-element-populated\">\n\t\t\t\t\t\t<div class=\"elementor-element elementor-element-0ca95bc elementor-widget elementor-widget-image\" data-id=\"0ca95bc\" data-element_type=\"widget\" data-widget_type=\"image.default\">\n\t\t\t\t<div class=\"elementor-widget-container\">\n\t\t\t\t\t\t\t\t\t\t\t\t\t\t\t<img fetchpriority=\"high\" decoding=\"async\" width=\"336\" height=\"439\" src=\"https:\/\/salonlfcrivenord.com\/wp-content\/uploads\/2023\/02\/ads.png\" class=\"attachment-large size-large wp-image-3578\" alt=\"\" srcset=\"https:\/\/salonlfcrivenord.com\/wp-content\/uploads\/2023\/02\/ads.png 336w, https:\/\/salonlfcrivenord.com\/wp-content\/uploads\/2023\/02\/ads-230x300.png 230w\" sizes=\"(max-width: 336px) 100vw, 336px\" \/>\t\t\t\t\t\t\t\t\t\t\t\t\t\t\t<\/div>\n\t\t\t\t<\/div>\n\t\t\t\t\t<\/div>\n\t\t<\/div>\n\t\t\t\t<div class=\"elementor-column elementor-col-50 elementor-top-column elementor-element elementor-element-7bb8c56\" data-id=\"7bb8c56\" data-element_type=\"column\">\n\t\t\t<div class=\"elementor-widget-wrap elementor-element-populated\">\n\t\t\t\t\t\t<div class=\"elementor-element elementor-element-fa18ad9 elementor-widget elementor-widget-heading\" data-id=\"fa18ad9\" data-element_type=\"widget\" data-widget_type=\"heading.default\">\n\t\t\t\t<div class=\"elementor-widget-container\">\n\t\t\t\t\t<h2 class=\"elementor-heading-title elementor-size-default\">Envoyez un message de condol\u00e9ances<\/h2>\t\t\t\t<\/div>\n\t\t\t\t<\/div>\n\t\t\t\t<div class=\"elementor-element elementor-element-d5df44f elementor-button-align-end elementor-widget elementor-widget-form\" data-id=\"d5df44f\" data-element_type=\"widget\" data-settings=\"{&quot;step_next_label&quot;:&quot;Suivant&quot;,&quot;step_previous_label&quot;:&quot;Pr\\u00e9c\\u00e9dent&quot;,&quot;button_width&quot;:&quot;100&quot;,&quot;step_type&quot;:&quot;number_text&quot;,&quot;step_icon_shape&quot;:&quot;circle&quot;}\" data-widget_type=\"form.default\">\n\t\t\t\t<div class=\"elementor-widget-container\">\n\t\t\t\t\t\t\t<form class=\"elementor-form\" method=\"post\" name=\"Nouveau formulaire\">\n\t\t\t<input type=\"hidden\" name=\"post_id\" value=\"3573\"\/>\n\t\t\t<input type=\"hidden\" name=\"form_id\" value=\"d5df44f\"\/>\n\t\t\t<input type=\"hidden\" name=\"referer_title\" value=\"Condol\u00e9ances - Salon LFC Laval - Rive-Nord\" \/>\n\n\t\t\t\t\t\t\t<input type=\"hidden\" name=\"queried_id\" value=\"3573\"\/>\n\t\t\t\n\t\t\t<div class=\"elementor-form-fields-wrapper elementor-labels-above\">\n\t\t\t\t\t\t\t\t<div class=\"elementor-field-type-text elementor-field-group elementor-column elementor-field-group-name elementor-col-50\">\n\t\t\t\t\t\t\t\t\t\t\t\t<label for=\"form-field-name\" class=\"elementor-field-label\">\n\t\t\t\t\t\t\t\tVotre nom\t\t\t\t\t\t\t<\/label>\n\t\t\t\t\t\t\t\t\t\t\t\t\t\t<input size=\"1\" type=\"text\" name=\"form_fields[name]\" id=\"form-field-name\" class=\"elementor-field elementor-size-sm  elementor-field-textual\">\n\t\t\t\t\t\t\t\t\t\t\t<\/div>\n\t\t\t\t\t\t\t\t<div class=\"elementor-field-type-email elementor-field-group elementor-column elementor-field-group-email elementor-col-50 elementor-field-required\">\n\t\t\t\t\t\t\t\t\t\t\t\t<label for=\"form-field-email\" class=\"elementor-field-label\">\n\t\t\t\t\t\t\t\tVotre courriel\t\t\t\t\t\t\t<\/label>\n\t\t\t\t\t\t\t\t\t\t\t\t\t\t<input size=\"1\" type=\"email\" name=\"form_fields[email]\" id=\"form-field-email\" class=\"elementor-field elementor-size-sm  elementor-field-textual\" required=\"required\" aria-required=\"true\">\n\t\t\t\t\t\t\t\t\t\t\t<\/div>\n\t\t\t\t\t\t\t\t<div class=\"elementor-field-type-text elementor-field-group elementor-column elementor-field-group-field_ba2efbf elementor-col-50 elementor-field-required\">\n\t\t\t\t\t\t\t\t\t\t\t\t<label for=\"form-field-field_ba2efbf\" class=\"elementor-field-label\">\n\t\t\t\t\t\t\t\tNom du d\u00e9funt\t\t\t\t\t\t\t<\/label>\n\t\t\t\t\t\t\t\t\t\t\t\t\t\t<input size=\"1\" type=\"text\" name=\"form_fields[field_ba2efbf]\" id=\"form-field-field_ba2efbf\" class=\"elementor-field elementor-size-sm  elementor-field-textual\" required=\"required\" aria-required=\"true\">\n\t\t\t\t\t\t\t\t\t\t\t<\/div>\n\t\t\t\t\t\t\t\t<div class=\"elementor-field-type-email elementor-field-group elementor-column elementor-field-group-courrieledelapersonne elementor-col-50 elementor-field-required\">\n\t\t\t\t\t\t\t\t\t\t\t\t<label for=\"form-field-courrieledelapersonne\" class=\"elementor-field-label\">\n\t\t\t\t\t\t\t\tEnvoyer condol\u00e9ances \u00e0 \t\t\t\t\t\t\t<\/label>\n\t\t\t\t\t\t\t\t\t\t\t\t\t\t<input size=\"1\" type=\"email\" name=\"form_fields[courrieledelapersonne]\" id=\"form-field-courrieledelapersonne\" class=\"elementor-field elementor-size-sm  elementor-field-textual\" placeholder=\"inscrire l&#039;adresse courriel de la personne\" required=\"required\" aria-required=\"true\">\n\t\t\t\t\t\t\t\t\t\t\t<\/div>\n\t\t\t\t\t\t\t\t<div class=\"elementor-field-type-textarea elementor-field-group elementor-column elementor-field-group-message elementor-col-100\">\n\t\t\t\t\t\t\t\t\t\t\t\t<label for=\"form-field-message\" class=\"elementor-field-label\">\n\t\t\t\t\t\t\t\tMessage\t\t\t\t\t\t\t<\/label>\n\t\t\t\t\t\t<textarea class=\"elementor-field-textual elementor-field  elementor-size-sm\" name=\"form_fields[message]\" id=\"form-field-message\" rows=\"4\"><\/textarea>\t\t\t\t<\/div>\n\t\t\t\t\t\t\t\t<div class=\"elementor-field-group elementor-column elementor-field-type-submit elementor-col-100 e-form__buttons\">\n\t\t\t\t\t<button class=\"elementor-button elementor-size-md elementor-animation-shrink\" type=\"submit\">\n\t\t\t\t\t\t<span class=\"elementor-button-content-wrapper\">\n\t\t\t\t\t\t\t\t\t\t\t\t\t\t\t\t\t\t\t\t\t\t<span class=\"elementor-button-text\">Envoyer<\/span>\n\t\t\t\t\t\t\t\t\t\t\t\t\t<\/span>\n\t\t\t\t\t<\/button>\n\t\t\t\t<\/div>\n\t\t\t<\/div>\n\t\t<\/form>\n\t\t\t\t\t\t<\/div>\n\t\t\t\t<\/div>\n\t\t\t\t\t<\/div>\n\t\t<\/div>\n\t\t\t\t\t<\/div>\n\t\t<\/section>\n\t\t\t\t<section class=\"elementor-section elementor-top-section elementor-element elementor-element-8cd6a4a elementor-section-boxed elementor-section-height-default elementor-section-height-default\" data-id=\"8cd6a4a\" data-element_type=\"section\">\n\t\t\t\t\t\t<div class=\"elementor-container elementor-column-gap-default\">\n\t\t\t\t\t<div class=\"elementor-column elementor-col-100 elementor-top-column elementor-element elementor-element-e1c842e\" data-id=\"e1c842e\" data-element_type=\"column\">\n\t\t\t<div class=\"elementor-widget-wrap elementor-element-populated\">\n\t\t\t\t\t\t<div class=\"elementor-element elementor-element-e0457b3 elementor-widget elementor-widget-heading\" data-id=\"e0457b3\" data-element_type=\"widget\" data-widget_type=\"heading.default\">\n\t\t\t\t<div class=\"elementor-widget-container\">\n\t\t\t\t\t<h2 class=\"elementor-heading-title elementor-size-default\">Derniers avis de d\u00e9c\u00e8s<\/h2>\t\t\t\t<\/div>\n\t\t\t\t<\/div>\n\t\t\t\t\t<\/div>\n\t\t<\/div>\n\t\t\t\t\t<\/div>\n\t\t<\/section>\n\t\t\t\t<section class=\"elementor-section elementor-top-section elementor-element elementor-element-5fa735a elementor-section-boxed elementor-section-height-default elementor-section-height-default\" data-id=\"5fa735a\" data-element_type=\"section\">\n\t\t\t\t\t\t<div class=\"elementor-container elementor-column-gap-default\">\n\t\t\t\t\t<div class=\"elementor-column elementor-col-100 elementor-top-column elementor-element elementor-element-b198ab5\" data-id=\"b198ab5\" data-element_type=\"column\">\n\t\t\t<div class=\"elementor-widget-wrap elementor-element-populated\">\n\t\t\t\t\t\t<div class=\"elementor-element elementor-element-b2be0cb elementor-grid-6 elementor-grid-tablet-2 elementor-grid-mobile-1 elementor-posts--thumbnail-top elementor-widget elementor-widget-posts\" data-id=\"b2be0cb\" data-element_type=\"widget\" data-settings=\"{&quot;classic_columns&quot;:&quot;6&quot;,&quot;classic_columns_tablet&quot;:&quot;2&quot;,&quot;classic_columns_mobile&quot;:&quot;1&quot;,&quot;classic_row_gap&quot;:{&quot;unit&quot;:&quot;px&quot;,&quot;size&quot;:35,&quot;sizes&quot;:[]},&quot;classic_row_gap_tablet&quot;:{&quot;unit&quot;:&quot;px&quot;,&quot;size&quot;:&quot;&quot;,&quot;sizes&quot;:[]},&quot;classic_row_gap_mobile&quot;:{&quot;unit&quot;:&quot;px&quot;,&quot;size&quot;:&quot;&quot;,&quot;sizes&quot;:[]}}\" data-widget_type=\"posts.classic\">\n\t\t\t\t<div class=\"elementor-widget-container\">\n\t\t\t\t\t\t\t<div class=\"elementor-posts-container elementor-posts elementor-posts--skin-classic elementor-grid\">\n\t\t\t\t<article class=\"elementor-post elementor-grid-item post-11427 post type-post status-publish format-standard has-post-thumbnail hentry category-uncategorized\">\n\t\t\t\t<a class=\"elementor-post__thumbnail__link\" href=\"https:\/\/salonlfcrivenord.com\/en\/2026\/04\/29\/andre-leveille\/\" tabindex=\"-1\" >\n\t\t\t<div class=\"elementor-post__thumbnail\"><img decoding=\"async\" width=\"300\" height=\"260\" src=\"https:\/\/salonlfcrivenord.com\/wp-content\/uploads\/2026\/04\/M.-Leveille-300x260.jpg\" class=\"attachment-medium size-medium wp-image-11429\" alt=\"\" srcset=\"https:\/\/salonlfcrivenord.com\/wp-content\/uploads\/2026\/04\/M.-Leveille-300x260.jpg 300w, https:\/\/salonlfcrivenord.com\/wp-content\/uploads\/2026\/04\/M.-Leveille-1024x887.jpg 1024w, https:\/\/salonlfcrivenord.com\/wp-content\/uploads\/2026\/04\/M.-Leveille-768x666.jpg 768w, https:\/\/salonlfcrivenord.com\/wp-content\/uploads\/2026\/04\/M.-Leveille-14x12.jpg 14w, https:\/\/salonlfcrivenord.com\/wp-content\/uploads\/2026\/04\/M.-Leveille-600x520.jpg 600w, https:\/\/salonlfcrivenord.com\/wp-content\/uploads\/2026\/04\/M.-Leveille.jpg 1080w\" sizes=\"(max-width: 300px) 100vw, 300px\" \/><\/div>\n\t\t<\/a>\n\t\t\t\t<div class=\"elementor-post__text\">\n\t\t\t\t<h3 class=\"elementor-post__title\">\n\t\t\t<a href=\"https:\/\/salonlfcrivenord.com\/en\/2026\/04\/29\/andre-leveille\/\" >\n\t\t\t\tAndr\u00e9 L\u00e9veill\u00e9\t\t\t<\/a>\n\t\t<\/h3>\n\t\t\t\t<div class=\"elementor-post__meta-data\">\n\t\t\t\t\t<span class=\"elementor-post-date\">\n\t\t\tApril 29, 2026\t\t<\/span>\n\t\t\t\t<\/div>\n\t\t\n\t\t<a class=\"elementor-post__read-more\" href=\"https:\/\/salonlfcrivenord.com\/en\/2026\/04\/29\/andre-leveille\/\" aria-label=\"Read more about Andr\u00e9 L\u00e9veill\u00e9\" tabindex=\"-1\" >\n\t\t\tVoir l'avis de d\u00e9c\u00e8s \u00bb\t\t<\/a>\n\n\t\t\t\t<\/div>\n\t\t\t\t<\/article>\n\t\t\t\t<article class=\"elementor-post elementor-grid-item post-11419 post type-post status-publish format-standard has-post-thumbnail hentry category-uncategorized\">\n\t\t\t\t<a class=\"elementor-post__thumbnail__link\" href=\"https:\/\/salonlfcrivenord.com\/en\/2026\/04\/27\/vianney-guilban\/\" tabindex=\"-1\" >\n\t\t\t<div class=\"elementor-post__thumbnail\"><img decoding=\"async\" width=\"239\" height=\"300\" src=\"https:\/\/salonlfcrivenord.com\/wp-content\/uploads\/2026\/04\/Vianney-Guilban2-239x300.jpg\" class=\"attachment-medium size-medium wp-image-11421\" alt=\"\" srcset=\"https:\/\/salonlfcrivenord.com\/wp-content\/uploads\/2026\/04\/Vianney-Guilban2-239x300.jpg 239w, https:\/\/salonlfcrivenord.com\/wp-content\/uploads\/2026\/04\/Vianney-Guilban2-10x12.jpg 10w, https:\/\/salonlfcrivenord.com\/wp-content\/uploads\/2026\/04\/Vianney-Guilban2.jpg 596w\" sizes=\"(max-width: 239px) 100vw, 239px\" \/><\/div>\n\t\t<\/a>\n\t\t\t\t<div class=\"elementor-post__text\">\n\t\t\t\t<h3 class=\"elementor-post__title\">\n\t\t\t<a href=\"https:\/\/salonlfcrivenord.com\/en\/2026\/04\/27\/vianney-guilban\/\" >\n\t\t\t\tVianney Guilban\t\t\t<\/a>\n\t\t<\/h3>\n\t\t\t\t<div class=\"elementor-post__meta-data\">\n\t\t\t\t\t<span class=\"elementor-post-date\">\n\t\t\tApril 27, 2026\t\t<\/span>\n\t\t\t\t<\/div>\n\t\t\n\t\t<a class=\"elementor-post__read-more\" href=\"https:\/\/salonlfcrivenord.com\/en\/2026\/04\/27\/vianney-guilban\/\" aria-label=\"Read more about Vianney Guilban\" tabindex=\"-1\" >\n\t\t\tVoir l'avis de d\u00e9c\u00e8s \u00bb\t\t<\/a>\n\n\t\t\t\t<\/div>\n\t\t\t\t<\/article>\n\t\t\t\t<article class=\"elementor-post elementor-grid-item post-11412 post type-post status-publish format-standard has-post-thumbnail hentry category-uncategorized\">\n\t\t\t\t<a class=\"elementor-post__thumbnail__link\" href=\"https:\/\/salonlfcrivenord.com\/en\/2026\/04\/24\/roger-guilbault\/\" tabindex=\"-1\" >\n\t\t\t<div class=\"elementor-post__thumbnail\"><img loading=\"lazy\" decoding=\"async\" width=\"255\" height=\"300\" src=\"https:\/\/salonlfcrivenord.com\/wp-content\/uploads\/2026\/04\/roger-Guilbault-255x300.jpg\" class=\"attachment-medium size-medium wp-image-11414\" alt=\"\" srcset=\"https:\/\/salonlfcrivenord.com\/wp-content\/uploads\/2026\/04\/roger-Guilbault-255x300.jpg 255w, https:\/\/salonlfcrivenord.com\/wp-content\/uploads\/2026\/04\/roger-Guilbault-869x1024.jpg 869w, https:\/\/salonlfcrivenord.com\/wp-content\/uploads\/2026\/04\/roger-Guilbault-768x905.jpg 768w, https:\/\/salonlfcrivenord.com\/wp-content\/uploads\/2026\/04\/roger-Guilbault-10x12.jpg 10w, https:\/\/salonlfcrivenord.com\/wp-content\/uploads\/2026\/04\/roger-Guilbault-600x707.jpg 600w, https:\/\/salonlfcrivenord.com\/wp-content\/uploads\/2026\/04\/roger-Guilbault.jpg 909w\" sizes=\"(max-width: 255px) 100vw, 255px\" \/><\/div>\n\t\t<\/a>\n\t\t\t\t<div class=\"elementor-post__text\">\n\t\t\t\t<h3 class=\"elementor-post__title\">\n\t\t\t<a href=\"https:\/\/salonlfcrivenord.com\/en\/2026\/04\/24\/roger-guilbault\/\" >\n\t\t\t\tRoger Guilbault\t\t\t<\/a>\n\t\t<\/h3>\n\t\t\t\t<div class=\"elementor-post__meta-data\">\n\t\t\t\t\t<span class=\"elementor-post-date\">\n\t\t\tApril 24, 2026\t\t<\/span>\n\t\t\t\t<\/div>\n\t\t\n\t\t<a class=\"elementor-post__read-more\" href=\"https:\/\/salonlfcrivenord.com\/en\/2026\/04\/24\/roger-guilbault\/\" aria-label=\"Read more about Roger Guilbault\" tabindex=\"-1\" >\n\t\t\tVoir l'avis de d\u00e9c\u00e8s \u00bb\t\t<\/a>\n\n\t\t\t\t<\/div>\n\t\t\t\t<\/article>\n\t\t\t\t<article class=\"elementor-post elementor-grid-item post-11406 post type-post status-publish format-standard has-post-thumbnail hentry category-uncategorized\">\n\t\t\t\t<a class=\"elementor-post__thumbnail__link\" href=\"https:\/\/salonlfcrivenord.com\/en\/2026\/04\/24\/gilles-bourdon\/\" tabindex=\"-1\" >\n\t\t\t<div class=\"elementor-post__thumbnail\"><img loading=\"lazy\" decoding=\"async\" width=\"274\" height=\"300\" src=\"https:\/\/salonlfcrivenord.com\/wp-content\/uploads\/2026\/04\/PHOTO-GILLES-BOURDON-274x300.jpg\" class=\"attachment-medium size-medium wp-image-11407\" alt=\"\" srcset=\"https:\/\/salonlfcrivenord.com\/wp-content\/uploads\/2026\/04\/PHOTO-GILLES-BOURDON-274x300.jpg 274w, https:\/\/salonlfcrivenord.com\/wp-content\/uploads\/2026\/04\/PHOTO-GILLES-BOURDON-11x12.jpg 11w, https:\/\/salonlfcrivenord.com\/wp-content\/uploads\/2026\/04\/PHOTO-GILLES-BOURDON.jpg 426w\" sizes=\"(max-width: 274px) 100vw, 274px\" \/><\/div>\n\t\t<\/a>\n\t\t\t\t<div class=\"elementor-post__text\">\n\t\t\t\t<h3 class=\"elementor-post__title\">\n\t\t\t<a href=\"https:\/\/salonlfcrivenord.com\/en\/2026\/04\/24\/gilles-bourdon\/\" >\n\t\t\t\tGilles Bourdon\t\t\t<\/a>\n\t\t<\/h3>\n\t\t\t\t<div class=\"elementor-post__meta-data\">\n\t\t\t\t\t<span class=\"elementor-post-date\">\n\t\t\tApril 24, 2026\t\t<\/span>\n\t\t\t\t<\/div>\n\t\t\n\t\t<a class=\"elementor-post__read-more\" href=\"https:\/\/salonlfcrivenord.com\/en\/2026\/04\/24\/gilles-bourdon\/\" aria-label=\"Read more about Gilles Bourdon\" tabindex=\"-1\" >\n\t\t\tVoir l'avis de d\u00e9c\u00e8s \u00bb\t\t<\/a>\n\n\t\t\t\t<\/div>\n\t\t\t\t<\/article>\n\t\t\t\t<article class=\"elementor-post elementor-grid-item post-11396 post type-post status-publish format-standard has-post-thumbnail hentry category-uncategorized\">\n\t\t\t\t<a class=\"elementor-post__thumbnail__link\" href=\"https:\/\/salonlfcrivenord.com\/en\/2026\/04\/22\/pauline-ouimet\/\" tabindex=\"-1\" >\n\t\t\t<div class=\"elementor-post__thumbnail\"><img loading=\"lazy\" decoding=\"async\" width=\"295\" height=\"300\" src=\"https:\/\/salonlfcrivenord.com\/wp-content\/uploads\/2026\/04\/Pauline-Ouimet2-1-295x300.jpg\" class=\"attachment-medium size-medium wp-image-11399\" alt=\"\" srcset=\"https:\/\/salonlfcrivenord.com\/wp-content\/uploads\/2026\/04\/Pauline-Ouimet2-1-295x300.jpg 295w, https:\/\/salonlfcrivenord.com\/wp-content\/uploads\/2026\/04\/Pauline-Ouimet2-1-1008x1024.jpg 1008w, https:\/\/salonlfcrivenord.com\/wp-content\/uploads\/2026\/04\/Pauline-Ouimet2-1-768x780.jpg 768w, https:\/\/salonlfcrivenord.com\/wp-content\/uploads\/2026\/04\/Pauline-Ouimet2-1-12x12.jpg 12w, https:\/\/salonlfcrivenord.com\/wp-content\/uploads\/2026\/04\/Pauline-Ouimet2-1-600x610.jpg 600w, https:\/\/salonlfcrivenord.com\/wp-content\/uploads\/2026\/04\/Pauline-Ouimet2-1.jpg 1512w\" sizes=\"(max-width: 295px) 100vw, 295px\" \/><\/div>\n\t\t<\/a>\n\t\t\t\t<div class=\"elementor-post__text\">\n\t\t\t\t<h3 class=\"elementor-post__title\">\n\t\t\t<a href=\"https:\/\/salonlfcrivenord.com\/en\/2026\/04\/22\/pauline-ouimet\/\" >\n\t\t\t\tPauline Ouimet\t\t\t<\/a>\n\t\t<\/h3>\n\t\t\t\t<div class=\"elementor-post__meta-data\">\n\t\t\t\t\t<span class=\"elementor-post-date\">\n\t\t\tApril 22, 2026\t\t<\/span>\n\t\t\t\t<\/div>\n\t\t\n\t\t<a class=\"elementor-post__read-more\" href=\"https:\/\/salonlfcrivenord.com\/en\/2026\/04\/22\/pauline-ouimet\/\" aria-label=\"Read more about Pauline Ouimet\" tabindex=\"-1\" >\n\t\t\tVoir l'avis de d\u00e9c\u00e8s \u00bb\t\t<\/a>\n\n\t\t\t\t<\/div>\n\t\t\t\t<\/article>\n\t\t\t\t<article class=\"elementor-post elementor-grid-item post-11385 post type-post status-publish format-standard has-post-thumbnail hentry category-uncategorized\">\n\t\t\t\t<a class=\"elementor-post__thumbnail__link\" href=\"https:\/\/salonlfcrivenord.com\/en\/2026\/04\/21\/yves-bernard-lavallee\/\" tabindex=\"-1\" >\n\t\t\t<div class=\"elementor-post__thumbnail\"><img loading=\"lazy\" decoding=\"async\" width=\"214\" height=\"300\" src=\"https:\/\/salonlfcrivenord.com\/wp-content\/uploads\/2026\/04\/PHOTO-YVES-BERNARD-LAVALLEE-214x300.png\" class=\"attachment-medium size-medium wp-image-11392\" alt=\"\" srcset=\"https:\/\/salonlfcrivenord.com\/wp-content\/uploads\/2026\/04\/PHOTO-YVES-BERNARD-LAVALLEE-214x300.png 214w, https:\/\/salonlfcrivenord.com\/wp-content\/uploads\/2026\/04\/PHOTO-YVES-BERNARD-LAVALLEE-731x1024.png 731w, https:\/\/salonlfcrivenord.com\/wp-content\/uploads\/2026\/04\/PHOTO-YVES-BERNARD-LAVALLEE-768x1075.png 768w, https:\/\/salonlfcrivenord.com\/wp-content\/uploads\/2026\/04\/PHOTO-YVES-BERNARD-LAVALLEE-9x12.png 9w, https:\/\/salonlfcrivenord.com\/wp-content\/uploads\/2026\/04\/PHOTO-YVES-BERNARD-LAVALLEE-600x840.png 600w, https:\/\/salonlfcrivenord.com\/wp-content\/uploads\/2026\/04\/PHOTO-YVES-BERNARD-LAVALLEE.png 1060w\" sizes=\"(max-width: 214px) 100vw, 214px\" \/><\/div>\n\t\t<\/a>\n\t\t\t\t<div class=\"elementor-post__text\">\n\t\t\t\t<h3 class=\"elementor-post__title\">\n\t\t\t<a href=\"https:\/\/salonlfcrivenord.com\/en\/2026\/04\/21\/yves-bernard-lavallee\/\" >\n\t\t\t\tYves Bernard Lavall\u00e9e\t\t\t<\/a>\n\t\t<\/h3>\n\t\t\t\t<div class=\"elementor-post__meta-data\">\n\t\t\t\t\t<span class=\"elementor-post-date\">\n\t\t\tApril 21, 2026\t\t<\/span>\n\t\t\t\t<\/div>\n\t\t\n\t\t<a class=\"elementor-post__read-more\" href=\"https:\/\/salonlfcrivenord.com\/en\/2026\/04\/21\/yves-bernard-lavallee\/\" aria-label=\"Read more about Yves Bernard Lavall\u00e9e\" tabindex=\"-1\" >\n\t\t\tVoir l'avis de d\u00e9c\u00e8s \u00bb\t\t<\/a>\n\n\t\t\t\t<\/div>\n\t\t\t\t<\/article>\n\t\t\t\t<\/div>\n\t\t\n\t\t\t\t\t\t<\/div>\n\t\t\t\t<\/div>\n\t\t\t\t<div class=\"elementor-element elementor-element-62d7291 elementor-align-right elementor-widget elementor-widget-button\" data-id=\"62d7291\" data-element_type=\"widget\" data-widget_type=\"button.default\">\n\t\t\t\t<div class=\"elementor-widget-container\">\n\t\t\t\t\t\t\t\t\t<div class=\"elementor-button-wrapper\">\n\t\t\t\t\t<a class=\"elementor-button elementor-button-link elementor-size-sm elementor-animation-shrink\" href=\"#\">\n\t\t\t\t\t\t<span class=\"elementor-button-content-wrapper\">\n\t\t\t\t\t\t\t\t\t<span class=\"elementor-button-text\">VOIR LES AVIS DE D\u00c9C\u00c8S<\/span>\n\t\t\t\t\t<\/span>\n\t\t\t\t\t<\/a>\n\t\t\t\t<\/div>\n\t\t\t\t\t\t\t\t<\/div>\n\t\t\t\t<\/div>\n\t\t\t\t\t<\/div>\n\t\t<\/div>\n\t\t\t\t\t<\/div>\n\t\t<\/section>\n\t\t\t\t<\/div>\n\t\t","protected":false},"excerpt":{"rendered":"<p>Condol\u00e9ances Condol\u00e9ances Envoyez un message de condol\u00e9ances Derniers avis de d\u00e9c\u00e8s VOIR LES AVIS DE D\u00c9C\u00c8S<\/p>","protected":false},"author":1,"featured_media":0,"parent":0,"menu_order":0,"comment_status":"closed","ping_status":"closed","template":"elementor_header_footer","meta":{"_acf_changed":false,"footnotes":""},"class_list":["post-3573","page","type-page","status-publish","hentry"],"acf":[],"_links":{"self":[{"href":"https:\/\/salonlfcrivenord.com\/en\/wp-json\/wp\/v2\/pages\/3573","targetHints":{"allow":["GET"]}}],"collection":[{"href":"https:\/\/salonlfcrivenord.com\/en\/wp-json\/wp\/v2\/pages"}],"about":[{"href":"https:\/\/salonlfcrivenord.com\/en\/wp-json\/wp\/v2\/types\/page"}],"author":[{"embeddable":true,"href":"https:\/\/salonlfcrivenord.com\/en\/wp-json\/wp\/v2\/users\/1"}],"replies":[{"embeddable":true,"href":"https:\/\/salonlfcrivenord.com\/en\/wp-json\/wp\/v2\/comments?post=3573"}],"version-history":[{"count":0,"href":"https:\/\/salonlfcrivenord.com\/en\/wp-json\/wp\/v2\/pages\/3573\/revisions"}],"wp:attachment":[{"href":"https:\/\/salonlfcrivenord.com\/en\/wp-json\/wp\/v2\/media?parent=3573"}],"curies":[{"name":"wp","href":"https:\/\/api.w.org\/{rel}","templated":true}]}}