{"id":3356,"date":"2023-02-20T18:33:24","date_gmt":"2023-02-20T18:33:24","guid":{"rendered":"https:\/\/salonlfclaval.com\/?page_id=3356"},"modified":"2023-03-01T18:46:14","modified_gmt":"2023-03-01T18:46:14","slug":"liens-utiles","status":"publish","type":"page","link":"https:\/\/salonlfcrivenord.com\/en\/liens-utiles\/","title":{"rendered":"Useful links"},"content":{"rendered":"<div data-elementor-type=\"wp-page\" data-elementor-id=\"3356\" class=\"elementor elementor-3356\" data-elementor-post-type=\"page\">\n\t\t\t\t\t\t<section class=\"elementor-section elementor-top-section elementor-element elementor-element-45a9748 elementor-section-height-min-height elementor-section-boxed elementor-section-height-default elementor-section-items-middle\" data-id=\"45a9748\" data-element_type=\"section\" data-settings=\"{&quot;background_background&quot;:&quot;classic&quot;}\">\n\t\t\t\t\t\t\t<div class=\"elementor-background-overlay\"><\/div>\n\t\t\t\t\t\t\t<div class=\"elementor-container elementor-column-gap-default\">\n\t\t\t\t\t<div class=\"elementor-column elementor-col-100 elementor-top-column elementor-element elementor-element-0a14c00\" data-id=\"0a14c00\" data-element_type=\"column\">\n\t\t\t<div class=\"elementor-widget-wrap elementor-element-populated\">\n\t\t\t\t\t\t<div class=\"elementor-element elementor-element-552ad0e elementor-widget elementor-widget-heading\" data-id=\"552ad0e\" data-element_type=\"widget\" data-widget_type=\"heading.default\">\n\t\t\t\t<div class=\"elementor-widget-container\">\n\t\t\t\t\t<h1 class=\"elementor-heading-title elementor-size-default\">Useful links<\/h1>\t\t\t\t<\/div>\n\t\t\t\t<\/div>\n\t\t\t\t\t<\/div>\n\t\t<\/div>\n\t\t\t\t\t<\/div>\n\t\t<\/section>\n\t\t\t\t<section class=\"elementor-section elementor-top-section elementor-element elementor-element-bbe73fb elementor-section-boxed elementor-section-height-default elementor-section-height-default\" data-id=\"bbe73fb\" data-element_type=\"section\">\n\t\t\t\t\t\t<div class=\"elementor-container elementor-column-gap-default\">\n\t\t\t\t\t<div class=\"elementor-column elementor-col-100 elementor-top-column elementor-element elementor-element-7c99148\" data-id=\"7c99148\" data-element_type=\"column\">\n\t\t\t<div class=\"elementor-widget-wrap elementor-element-populated\">\n\t\t\t\t\t\t<div class=\"elementor-element elementor-element-b0ed131 elementor-widget elementor-widget-heading\" data-id=\"b0ed131\" data-element_type=\"widget\" data-widget_type=\"heading.default\">\n\t\t\t\t<div class=\"elementor-widget-container\">\n\t\t\t\t\t<h2 class=\"elementor-heading-title elementor-size-default\">Here are some useful links for information<\/h2>\t\t\t\t<\/div>\n\t\t\t\t<\/div>\n\t\t\t\t\t<\/div>\n\t\t<\/div>\n\t\t\t\t\t<\/div>\n\t\t<\/section>\n\t\t\t\t<section class=\"elementor-section elementor-top-section elementor-element elementor-element-9a1ba9e elementor-section-boxed elementor-section-height-default elementor-section-height-default\" data-id=\"9a1ba9e\" data-element_type=\"section\" data-settings=\"{&quot;background_background&quot;:&quot;classic&quot;}\">\n\t\t\t\t\t\t\t<div class=\"elementor-background-overlay\"><\/div>\n\t\t\t\t\t\t\t<div class=\"elementor-container elementor-column-gap-default\">\n\t\t\t\t\t<div class=\"elementor-column elementor-col-100 elementor-top-column elementor-element elementor-element-d9d386f\" data-id=\"d9d386f\" data-element_type=\"column\">\n\t\t\t<div class=\"elementor-widget-wrap elementor-element-populated\">\n\t\t\t\t\t\t<div class=\"elementor-element elementor-element-939549f elementor-widget elementor-widget-text-editor\" data-id=\"939549f\" data-element_type=\"widget\" data-widget_type=\"text-editor.default\">\n\t\t\t\t<div class=\"elementor-widget-container\">\n\t\t\t\t\t\t\t\t\t<p><strong>Director of Civil Status<\/strong><\/p><p><a href=\"http:\/\/www.etatcivil.gouv.qc.ca\" target=\"_blank\" rel=\"noopener\">www.etatcivil.gouv.qc.ca<\/a><\/p><p><strong>Coroner (investigation)<\/strong><\/p><p><a href=\"http:\/\/www.coroner.gouv.qc.ca\" target=\"_blank\" rel=\"noopener\">www.coroner.gouv.qc.ca<\/a><\/p><p><strong>Barreau du Qu\u00e9bec<\/strong><\/p><p><a href=\"http:\/\/www.barreau.qc.ca\" target=\"_blank\" rel=\"noopener\">www.barreau.qc.ca<\/a><\/p><p><strong>Chambre des notaires<\/strong><\/p><p><a href=\"http:\/\/www.cnq.org\" target=\"_blank\" rel=\"noopener\">www.cnq.org<\/a><\/p><p><strong>Life insurance<\/strong><\/p><p><a href=\"http:\/\/www.olhi.ca\" target=\"_blank\" rel=\"noopener\">www.olhi.ca<\/a><\/p><p><strong>R\u00e9gie du logement<\/strong><\/p><p><a href=\"http:\/\/www.olhi.ca\" target=\"_blank\" rel=\"noopener\">www.rdl.gouv.qc.ca<\/a><\/p><p><strong>R\u00e9gie des rentes du Qu\u00e9bec<\/strong><\/p><p><a href=\"http:\/\/www.retraitequebec.gouv.qc.ca\" target=\"_blank\" rel=\"noopener\">www.retraitequebec.gouv.qc.ca<\/a><\/p><p><strong>Soci\u00e9t\u00e9 de l\u2019assurance automobile du Qu\u00e9bec<\/strong><\/p><p><a href=\"http:\/\/www.saaq.gouv.qc.ca\" target=\"_blank\" rel=\"noopener\">www.saaq.gouv.qc.ca<\/a><\/p><p><strong>Programmes d\u2019aide sociale<\/strong><\/p><p><a href=\"http:\/\/www.mess.gouv.qc.ca\" target=\"_blank\" rel=\"noopener\">www.mess.gouv.qc.ca<\/a><\/p>\t\t\t\t\t\t\t\t<\/div>\n\t\t\t\t<\/div>\n\t\t\t\t\t<\/div>\n\t\t<\/div>\n\t\t\t\t\t<\/div>\n\t\t<\/section>\n\t\t\t\t<\/div>","protected":false},"excerpt":{"rendered":"<p>Liens utiles Voici des liens utiles pour avoir des informations Directeur de l\u2019\u00e9tat civil www.etatcivil.gouv.qc.ca Coroner (investigation) www.coroner.gouv.qc.ca Barreau du Qu\u00e9bec www.barreau.qc.ca Chambre des notaires www.cnq.org Assurance vie www.olhi.ca R\u00e9gie du logement www.rdl.gouv.qc.ca R\u00e9gie des rentes du Qu\u00e9bec www.retraitequebec.gouv.qc.ca Soci\u00e9t\u00e9 de l\u2019assurance automobile du Qu\u00e9bec www.saaq.gouv.qc.ca Programmes d\u2019aide sociale www.mess.gouv.qc.ca<\/p>","protected":false},"author":1,"featured_media":0,"parent":0,"menu_order":0,"comment_status":"closed","ping_status":"closed","template":"elementor_header_footer","meta":{"_acf_changed":false,"footnotes":""},"class_list":["post-3356","page","type-page","status-publish","hentry"],"acf":[],"_links":{"self":[{"href":"https:\/\/salonlfcrivenord.com\/en\/wp-json\/wp\/v2\/pages\/3356","targetHints":{"allow":["GET"]}}],"collection":[{"href":"https:\/\/salonlfcrivenord.com\/en\/wp-json\/wp\/v2\/pages"}],"about":[{"href":"https:\/\/salonlfcrivenord.com\/en\/wp-json\/wp\/v2\/types\/page"}],"author":[{"embeddable":true,"href":"https:\/\/salonlfcrivenord.com\/en\/wp-json\/wp\/v2\/users\/1"}],"replies":[{"embeddable":true,"href":"https:\/\/salonlfcrivenord.com\/en\/wp-json\/wp\/v2\/comments?post=3356"}],"version-history":[{"count":0,"href":"https:\/\/salonlfcrivenord.com\/en\/wp-json\/wp\/v2\/pages\/3356\/revisions"}],"wp:attachment":[{"href":"https:\/\/salonlfcrivenord.com\/en\/wp-json\/wp\/v2\/media?parent=3356"}],"curies":[{"name":"wp","href":"https:\/\/api.w.org\/{rel}","templated":true}]}}